{"id":1038,"date":"2026-03-25T13:30:41","date_gmt":"2026-03-25T13:30:41","guid":{"rendered":"https:\/\/commedessauvages.fr\/?post_type=product&#038;p=1038"},"modified":"2026-03-25T15:51:46","modified_gmt":"2026-03-25T15:51:46","slug":"ecoprint-et-tataki-zome-samedi-3-mai-apres-midi-2","status":"publish","type":"product","link":"https:\/\/commedessauvages.fr\/index.php\/product\/ecoprint-et-tataki-zome-samedi-3-mai-apres-midi-2\/","title":{"rendered":"Ecoprint et tataki-zom\u00e9, samedi 11 avril, apr\u00e8s-midi"},"content":{"rendered":"<p>Venez vivre\u00a0 la magie de l&rsquo;\u00e9coprint et d\u00e9couvrez le tataki-zom\u00e9, exp\u00e9rience de nature, sensorielle et cr\u00e9ative.\u00a0 Vous explorerez le pouvoir tinctorial des plantes\u00a0 \u00e0 travers des proc\u00e9d\u00e9s simples qui permettent de pr\u00e9lever et de fixer de mani\u00e8re durable l&#8217;empreinte d&rsquo;une plante.<\/p>\n<p>Vous choisirez votre support selon vos envies : Pi\u00e8ce de soie ou de laine, permettant la r\u00e9alisation d&rsquo;une \u00e9charpe, d&rsquo;un kak\u00e9mono&#8230;<\/p>\n<p>L&rsquo;atelier s&rsquo;adresse aux\u00a0 adultes et aux enfants \u00e0 partir de 7 ans.<\/p>\n<p>Horaire : 13h30-17h<\/p>\n<p>Participants :<\/p>\n<ul>\n<li>6 personnes maximum<\/li>\n<\/ul>\n<p>Lieu : Atelier du Lavoir, 184 rue du Lavoir, 30150 SAINT GENIES DE COMOLAS<\/p>\n<p>Prix : 65 euros\/pers, 80 euros\/duo parent-enfant +15 euros\/enfant sup.<\/p>\n<p>&nbsp;<\/p>\n<p>&nbsp;<\/p>\n","protected":false},"excerpt":{"rendered":"<p>Atelier adulte et enfant, d\u00e9couverte des techniques d&rsquo;impression v\u00e9g\u00e9tale que sont l&rsquo;\u00e9coprint et le tataki-zom\u00e9.<\/p>\n<p>&nbsp;<\/p>\n","protected":false},"featured_media":1040,"comment_status":"open","ping_status":"closed","template":"","meta":{"iawp_total_views":20,"jetpack_publicize_message":"","jetpack_publicize_feature_enabled":true,"jetpack_social_post_already_shared":true,"jetpack_social_options":{"image_generator_settings":{"template":"highway","default_image_id":0,"font":"","enabled":false},"version":2}},"product_brand":[],"product_cat":[24],"product_tag":[30],"class_list":{"0":"post-1038","1":"product","2":"type-product","3":"status-publish","4":"has-post-thumbnail","6":"product_cat-ateliers","7":"product_tag-ateliers","9":"first","10":"instock","11":"featured","12":"shipping-taxable","13":"purchasable","14":"product-type-simple","15":"czr-hentry"},"jetpack_publicize_connections":[],"_links":{"self":[{"href":"https:\/\/commedessauvages.fr\/index.php\/wp-json\/wp\/v2\/product\/1038","targetHints":{"allow":["GET"]}}],"collection":[{"href":"https:\/\/commedessauvages.fr\/index.php\/wp-json\/wp\/v2\/product"}],"about":[{"href":"https:\/\/commedessauvages.fr\/index.php\/wp-json\/wp\/v2\/types\/product"}],"replies":[{"embeddable":true,"href":"https:\/\/commedessauvages.fr\/index.php\/wp-json\/wp\/v2\/comments?post=1038"}],"wp:featuredmedia":[{"embeddable":true,"href":"https:\/\/commedessauvages.fr\/index.php\/wp-json\/wp\/v2\/media\/1040"}],"wp:attachment":[{"href":"https:\/\/commedessauvages.fr\/index.php\/wp-json\/wp\/v2\/media?parent=1038"}],"wp:term":[{"taxonomy":"product_brand","embeddable":true,"href":"https:\/\/commedessauvages.fr\/index.php\/wp-json\/wp\/v2\/product_brand?post=1038"},{"taxonomy":"product_cat","embeddable":true,"href":"https:\/\/commedessauvages.fr\/index.php\/wp-json\/wp\/v2\/product_cat?post=1038"},{"taxonomy":"product_tag","embeddable":true,"href":"https:\/\/commedessauvages.fr\/index.php\/wp-json\/wp\/v2\/product_tag?post=1038"}],"curies":[{"name":"wp","href":"https:\/\/api.w.org\/{rel}","templated":true}]}}